{"id":478,"date":"2023-02-11T22:50:09","date_gmt":"2023-02-11T21:50:09","guid":{"rendered":"https:\/\/www.fopcio.pl\/?page_id=478"},"modified":"2023-02-13T14:24:07","modified_gmt":"2023-02-13T13:24:07","slug":"praktyczne-szkolenie-patriotyczne","status":"publish","type":"page","link":"https:\/\/www.fopcio.pl\/?page_id=478","title":{"rendered":"Praktyczne szkolenie patriotyczne"},"content":{"rendered":"\t\t<div data-elementor-type=\"wp-page\" data-elementor-id=\"478\" class=\"elementor elementor-478\" data-elementor-post-type=\"page\">\n\t\t\t\t\t\t<section class=\"elementor-section elementor-top-section elementor-element elementor-element-d0c8e72 elementor-section-full_width elementor-section-stretched elementor-section-height-default elementor-section-height-default\" data-id=\"d0c8e72\" data-element_type=\"section\" data-settings=\"{&quot;stretch_section&quot;:&quot;section-stretched&quot;,&quot;background_background&quot;:&quot;classic&quot;}\">\n\t\t\t\t\t\t<div class=\"elementor-container elementor-column-gap-default\">\n\t\t\t\t\t<div class=\"elementor-column elementor-col-100 elementor-top-column elementor-element elementor-element-81ea9bc\" data-id=\"81ea9bc\" data-element_type=\"column\">\n\t\t\t<div class=\"elementor-widget-wrap elementor-element-populated\">\n\t\t\t\t\t\t<div class=\"elementor-element elementor-element-bef8a1d elementor-widget elementor-widget-spacer\" data-id=\"bef8a1d\" data-element_type=\"widget\" data-widget_type=\"spacer.default\">\n\t\t\t\t<div class=\"elementor-widget-container\">\n\t\t\t<style>\/*! elementor - v3.21.0 - 15-04-2024 *\/\n.elementor-column .elementor-spacer-inner{height:var(--spacer-size)}.e-con{--container-widget-width:100%}.e-con-inner>.elementor-widget-spacer,.e-con>.elementor-widget-spacer{width:var(--container-widget-width,var(--spacer-size));--align-self:var(--container-widget-align-self,initial);--flex-shrink:0}.e-con-inner>.elementor-widget-spacer>.elementor-widget-container,.e-con>.elementor-widget-spacer>.elementor-widget-container{height:100%;width:100%}.e-con-inner>.elementor-widget-spacer>.elementor-widget-container>.elementor-spacer,.e-con>.elementor-widget-spacer>.elementor-widget-container>.elementor-spacer{height:100%}.e-con-inner>.elementor-widget-spacer>.elementor-widget-container>.elementor-spacer>.elementor-spacer-inner,.e-con>.elementor-widget-spacer>.elementor-widget-container>.elementor-spacer>.elementor-spacer-inner{height:var(--container-widget-height,var(--spacer-size))}.e-con-inner>.elementor-widget-spacer.elementor-widget-empty,.e-con>.elementor-widget-spacer.elementor-widget-empty{position:relative;min-height:22px;min-width:22px}.e-con-inner>.elementor-widget-spacer.elementor-widget-empty .elementor-widget-empty-icon,.e-con>.elementor-widget-spacer.elementor-widget-empty .elementor-widget-empty-icon{position:absolute;top:0;bottom:0;left:0;right:0;margin:auto;padding:0;width:22px;height:22px}<\/style>\t\t<div class=\"elementor-spacer\">\n\t\t\t<div class=\"elementor-spacer-inner\"><\/div>\n\t\t<\/div>\n\t\t\t\t<\/div>\n\t\t\t\t<\/div>\n\t\t\t\t\t<\/div>\n\t\t<\/div>\n\t\t\t\t\t<\/div>\n\t\t<\/section>\n\t\t\t\t<section class=\"elementor-section elementor-top-section elementor-element elementor-element-8182f21 elementor-section-boxed elementor-section-height-default elementor-section-height-default\" data-id=\"8182f21\" data-element_type=\"section\" data-settings=\"{&quot;background_background&quot;:&quot;classic&quot;}\">\n\t\t\t\t\t\t<div class=\"elementor-container elementor-column-gap-default\">\n\t\t\t\t\t<div class=\"elementor-column elementor-col-100 elementor-top-column elementor-element elementor-element-8e39789\" data-id=\"8e39789\" data-element_type=\"column\" data-settings=\"{&quot;background_background&quot;:&quot;classic&quot;}\">\n\t\t\t<div class=\"elementor-widget-wrap elementor-element-populated\">\n\t\t\t\t\t\t<div class=\"elementor-element elementor-element-cd4d541 elementor-widget elementor-widget-image\" data-id=\"cd4d541\" data-element_type=\"widget\" data-widget_type=\"image.default\">\n\t\t\t\t<div class=\"elementor-widget-container\">\n\t\t\t<style>\/*! elementor - v3.21.0 - 15-04-2024 *\/\n.elementor-widget-image{text-align:center}.elementor-widget-image a{display:inline-block}.elementor-widget-image a img[src$=\".svg\"]{width:48px}.elementor-widget-image img{vertical-align:middle;display:inline-block}<\/style>\t\t\t\t\t\t\t\t\t\t<img fetchpriority=\"high\" decoding=\"async\" width=\"600\" height=\"1200\" src=\"https:\/\/www.fopcio.pl\/wp-content\/uploads\/2023\/02\/Rolap_FOPCIO-1.jpg\" class=\"attachment-full size-full wp-image-753\" alt=\"\" srcset=\"https:\/\/www.fopcio.pl\/wp-content\/uploads\/2023\/02\/Rolap_FOPCIO-1.jpg 600w, https:\/\/www.fopcio.pl\/wp-content\/uploads\/2023\/02\/Rolap_FOPCIO-1-150x300.jpg 150w, https:\/\/www.fopcio.pl\/wp-content\/uploads\/2023\/02\/Rolap_FOPCIO-1-512x1024.jpg 512w\" sizes=\"(max-width: 600px) 100vw, 600px\" \/>\t\t\t\t\t\t\t\t\t\t\t\t\t<\/div>\n\t\t\t\t<\/div>\n\t\t\t\t<div class=\"elementor-element elementor-element-0c98f00 elementor-widget elementor-widget-text-editor\" data-id=\"0c98f00\" data-element_type=\"widget\" data-widget_type=\"text-editor.default\">\n\t\t\t\t<div class=\"elementor-widget-container\">\n\t\t\t<style>\/*! elementor - v3.21.0 - 15-04-2024 *\/\n.elementor-widget-text-editor.elementor-drop-cap-view-stacked .elementor-drop-cap{background-color:#69727d;color:#fff}.elementor-widget-text-editor.elementor-drop-cap-view-framed .elementor-drop-cap{color:#69727d;border:3px solid;background-color:transparent}.elementor-widget-text-editor:not(.elementor-drop-cap-view-default) .elementor-drop-cap{margin-top:8px}.elementor-widget-text-editor:not(.elementor-drop-cap-view-default) .elementor-drop-cap-letter{width:1em;height:1em}.elementor-widget-text-editor .elementor-drop-cap{float:left;text-align:center;line-height:1;font-size:50px}.elementor-widget-text-editor .elementor-drop-cap-letter{display:inline-block}<\/style>\t\t\t\t<center><h4>Dzi\u0119ki \u015brodkom otrzymanym w wyniku z\u0142o\u017cenia oferty w konkursie og\u0142oszonym w lipcu 2022r. przez<\/h4><\/center>\n\n<center><h1>Ministra Edukacji i Nauki z Programu Wsparcia Edukacji, modu\u0142 nr 2 &#8211; Edukacja Patriotyczna.<\/h1><\/center>\n<h4>Fundacja Obrony Praw Cz\u0142owieka i Obywatela zgodnie z umow\u0105 z dnia 10.11.2022r. od dnia 14.11.2022r do 31.12.2022r.\u00a0przeprowadzi\u0142a cykl dzia\u0142a\u0144 skierowanych do m\u0142odzie\u017cy &#8211; uczni\u00f3w szk\u00f3\u0142 ponadpodstawowych z Elbl\u0105ga i Pas\u0142\u0119ka w ramach zadania pod nazw\u0105:<\/h4>\n<center><h3><strong><span class=\"il\">Praktyczne<\/span>\u00a0<span class=\"il\">Szkolenie<\/span>\u00a0Patriotyczne<\/strong><\/h3><\/center>\n<h4>Bezpo\u015brednim efektem realizacji projektu pt.<span class=\"il\">Praktyczne<\/span>\u00a0<span class=\"il\">Szkolenie<\/span>\u00a0Patriotyczne jest nabycie umiej\u0119tno\u015bci w zakresie podstawowego ratownictwa medycznego przez grup\u0119 kilkuset os\u00f3b \u2013 uczni\u00f3w szk\u00f3\u0142 ponadpodstawowych z terenu miasta Elbl\u0105ga i okolic.<\/h4>\n<h4>Statystyki i badania spo\u0142eczne dowodz\u0105, \u017ce w naszym kraju nieliczna grupa os\u00f3b potrafi udzieli\u0107 podstawowej pierwszej pomocy medycznej osobom chorym znajduj\u0105cym si\u0119 w miejscach publicznych u kt\u00f3rych nast\u0105pi\u0142a nag\u0142a intensyfikacja objaw\u00f3w choroby, ofiarom zdarze\u0144 drogowych i innych komunikacyjnych wypadk\u00f3w i kolizji itp. Ze wzgl\u0119du na trwaj\u0105c\u0105 u granic Polski wojn\u0105 w Ukrainie oraz niepewnej sytuacji mi\u0119dzynarodowej ka\u017cda osoba, kt\u00f3ra potrafi udzieli\u0107 pierwszej pomocy medycznej jest na przys\u0142owiow\u0105 wag\u0119 z\u0142ota.<\/h4>\n<h4>R\u00f3wnie\u017c wzrost wiedzy i \u015bwiadomo\u015bci obywatelskiej , patriotycznej i historycznej jak\u0105 niesie ze sob\u0105 realizacja niniejszego projektu daje trwa\u0142e zmiany w postrzeganiu i pozytywnym odbiorze zagadnie\u0144 patriotycznych,\u00a0\u00a0to\u017csamo\u015bciowych, obywatelskich, spo\u0142ecznych.<\/h4>\n<h4>Trwa\u0142o\u015b\u0107 rezultat\u00f3w projektu pozwoli naszej organizacji tj Fundacji Praw Cz\u0142owieka i Obywatela, kt\u00f3ra w zwi\u0105zku z ci\u0105g\u0142ym poszerzaniem zakresu swej dzia\u0142alno\u015bci w Elbl\u0105gu, wojew\u00f3dztwie warmi\u0144sko-mazurskim jak r\u00f3wnie\u017c pozosta\u0142ym terenie naszego kraju zamierza r\u00f3wnie\u017c realizowa\u0107 projekty edukacyjne i\u00a0<span class=\"il\">szkoleniowe<\/span>\u00a0polegaj\u0105ce na niesieniu m\u0142odym obywatelom Polski jak r\u00f3wnie\u017c osobom doros\u0142ym w wieku produkcyjnym oraz seniorom koniecznych i niezb\u0119dnych dla rozwoju spo\u0142ecznego i obywatelskiego umiej\u0119tno\u015bci oraz wiedzy , kt\u00f3ra pozwoli na ci\u0105g\u0142y i nowoczesny rozw\u00f3j naszego spo\u0142ecze\u0144stwa.<\/h4>\n<h4>Naszym celem jest wzrost zainteresowania postawami patriotycznymi przez kszta\u0142towanie dumy narodowej, rozbudzenie zainteresowania histori\u0105 Polski oraz wsp\u00f3\u0142czesn\u0105 tematyk\u0105 militarn\u0105 ze szczeg\u00f3lnym uwzgl\u0119dnieniem \u015bwiadomo\u015bci i postaw obywatelskich, nauka szacunku do warto\u015bci takich jak wolno\u015b\u0107, niepodleg\u0142o\u015b\u0107, mi\u0142o\u015b\u0107 do ojczyzny i jej obrona przed wrogami, szacunek do polskiego munduru wojskowego, wzmacnianie poczucia to\u017csamo\u015bci indywidualnej, kulturowej, narodowej oraz regionalnej i etnicznej.<\/h4>\n<h4>Liczymy na to, \u017ce dzi\u0119ki temu projektowi nast\u0105pi wzrost wiedzy i \u015bwiadomo\u015bci na temat i udzielania fachowej pierwszej pomocy poszkodowanym jako wzmacnianie pozytywnych postaw obywatelskich dotycz\u0105cych solidarno\u015bci mi\u0119dzyludzkiej, mi\u0119dzypokoleniowej i warto\u015bci \u017cycia ludzkiego.<\/h4>\n<h4>Projekt\u00a0<span class=\"il\">Praktyczne<\/span>\u00a0<span class=\"il\">Szkolenie<\/span>\u00a0Patriotyczne polega\u0142 na\u00a0\u00a0zorganizowaniu w okresie od 14.11 do 31.12.2022 roku 10 edycji spotka\u0144-<span class=\"il\">szkole\u0144<\/span>\u00a0odbywaj\u0105cych si\u0119 w szko\u0142ach ponadpodstawowych zlokalizowanych na terenie wojew\u00f3dztwa warmi\u0144sko-mazurskiego tj. :<\/h4>\n<h4>Zesp\u00f3\u0142 Szk\u00f3\u0142 In\u017cynierii \u015arodowiska i Us\u0142ug w Elbl\u0105gu ul. Obro\u0144c\u00f3w Pokoju 44<\/h4>\n<h4>1) 18-11-2022r <span class=\"il\">szkolenie<\/span>\u00a0medyczne<\/h4>\n<h4>2) 13-12-2022r wr\u0119czenie\u00a0\u00a0certyfikat\u00f3w oraz projekcja filmu z prelekcj\u0105<\/h4>\n<h4>Zesp\u00f3\u0142 Szk\u00f3\u0142 Zawodowych nr 1 w Elbl\u0105gu ul. Robotnicza\u00a0\u00a0173<\/h4>\n<h4>3) 18-11-2022r\u00a0<span class=\"il\">Szkolenie<\/span>\u00a0medyczne<\/h4>\n<h4>4) 03-12-2022r wr\u0119czenie\u00a0\u00a0certyfikat\u00f3w oraz projekcja filmu z prelekcj\u0105<\/h4>\n<h4>Zesp\u00f3\u0142 Szk\u00f3\u0142 Techniczno-Informatycznych w Elbl\u0105gu ul, Rycerska 2<\/h4>\n<h4>5) 18-11-2022r\u00a0<span class=\"il\">szkolenie<\/span>\u00a0medyczne<\/h4>\n<h4>6) 09-12-2022r\u00a0<span class=\"il\">szkolenie<\/span>\u00a0medyczne<\/h4>\n<h4>7) 19-12-2022r wr\u0119czenie\u00a0\u00a0certyfikat\u00f3w oraz projekcja filmu z prelekcj\u0105<\/h4>\n<h4>O\u015brodek\u00a0<span class=\"il\">Szkolenia<\/span>\u00a0i Wychowania OHP w Pas\u0142\u0119ku ul. Westerplatte 20<\/h4>\n<h4>9) 24-11-2022r\u00a0<span class=\"il\">szkolenie<\/span>\u00a0medyczne<\/h4>\n<h4>10) 07-12-2022r wr\u0119czenie\u00a0\u00a0certyfikat\u00f3w oraz projekcja filmu z prelekcj\u0105<\/h4>\n<h4>Spotkania-<span class=\"il\">szkolenia<\/span>\u00a0odbywa\u0142y si\u0119 jako cykle spotka\u0144 wg nast\u0119puj\u0105cego scenariusza:<\/h4>\n<h4>1) projekcja filmu dokumentalnego o historii najnowszej lub filmu prezentuj\u0105cego wsp\u00f3\u0142czesne jednostki- oddzia\u0142y Wojska Polskiego, zasady naboru, organizacji, metody dzia\u0142ania itp. Oraz spotkanie z tw\u00f3rcami filmu i\/lub jego bohaterami<\/h4>\n<h4>2) \u017cywa lekcja historii &#8211; spotkanie m\u0142odzie\u017cy z bohaterem walk o wolno\u015b\u0107 i niepodleg\u0142o\u015b\u0107 Polski i\/ lub dzia\u0142aczem opozycji demokratycznej z czas\u00f3w PRL i\/lub weteranem Wojska Polskiego<\/h4>\n<h4>3) prelekcja na temat zasad bezpiecze\u0144stwa i udzielania fachowej pierwszej pomocy poszkodowanym<\/h4>\n<h4>4) warsztaty w formie aktywnego\u00a0<span class=\"il\">szkolenia<\/span>\u00a0w udzielaniu pierwszej pomocy poszkodowanym<\/h4>\n<h4>5) sprawdzian z udzielenia pierwszej pomocy &#8211; za\u015bwiadczenia\/certyfikaty\/<wbr \/>dyplomy.<\/h4>\n<h3><em><span style=\"text-decoration: underline;\">W wyniku realizacji zadania w w\/w terminie przeszkolono ponad 180 uczni\u00f3w szk\u00f3\u0142 ponadpodstawowych, kt\u00f3rzy otrzymali certyfikaty potwierdzaj\u0105ce nabycie opisanych umiej\u0119tno\u015bci.<\/span><\/em><\/h3>\nZapraszamy do obejrzenia relacji ze szkolenia &#8211;\u00a0 <a href=\"https:\/\/www.fopcio.pl\/?page_id=492\">tutaj<\/a>.\t\t\t\t\t\t<\/div>\n\t\t\t\t<\/div>\n\t\t\t\t\t<\/div>\n\t\t<\/div>\n\t\t\t\t\t<\/div>\n\t\t<\/section>\n\t\t\t\t<\/div>\n\t\t","protected":false},"excerpt":{"rendered":"<p>Dzi\u0119ki \u015brodkom otrzymanym w wyniku z\u0142o\u017cenia oferty w konkursie og\u0142oszonym w lipcu 2022r. przez Ministra Edukacji i Nauki z Programu Wsparcia Edukacji, modu\u0142 nr 2 &#8211; Edukacja Patriotyczna. Fundacja Obrony Praw Cz\u0142owieka i Obywatela zgodnie z umow\u0105 z dnia 10.11.2022r. od dnia 14.11.2022r do 31.12.2022r.\u00a0przeprowadzi\u0142a cykl dzia\u0142a\u0144 skierowanych do m\u0142odzie\u017cy &#8211; uczni\u00f3w szk\u00f3\u0142 ponadpodstawowych z [&hellip;]<\/p>\n","protected":false},"author":2,"featured_media":0,"parent":69,"menu_order":0,"comment_status":"closed","ping_status":"closed","template":"","meta":{"footnotes":""},"class_list":["post-478","page","type-page","status-publish","hentry"],"_links":{"self":[{"href":"https:\/\/www.fopcio.pl\/index.php?rest_route=\/wp\/v2\/pages\/478","targetHints":{"allow":["GET"]}}],"collection":[{"href":"https:\/\/www.fopcio.pl\/index.php?rest_route=\/wp\/v2\/pages"}],"about":[{"href":"https:\/\/www.fopcio.pl\/index.php?rest_route=\/wp\/v2\/types\/page"}],"author":[{"embeddable":true,"href":"https:\/\/www.fopcio.pl\/index.php?rest_route=\/wp\/v2\/users\/2"}],"replies":[{"embeddable":true,"href":"https:\/\/www.fopcio.pl\/index.php?rest_route=%2Fwp%2Fv2%2Fcomments&post=478"}],"version-history":[{"count":49,"href":"https:\/\/www.fopcio.pl\/index.php?rest_route=\/wp\/v2\/pages\/478\/revisions"}],"predecessor-version":[{"id":1247,"href":"https:\/\/www.fopcio.pl\/index.php?rest_route=\/wp\/v2\/pages\/478\/revisions\/1247"}],"up":[{"embeddable":true,"href":"https:\/\/www.fopcio.pl\/index.php?rest_route=\/wp\/v2\/pages\/69"}],"wp:attachment":[{"href":"https:\/\/www.fopcio.pl\/index.php?rest_route=%2Fwp%2Fv2%2Fmedia&parent=478"}],"curies":[{"name":"wp","href":"https:\/\/api.w.org\/{rel}","templated":true}]}}