{"id":463,"date":"2023-02-11T22:46:53","date_gmt":"2023-02-11T21:46:53","guid":{"rendered":"https:\/\/www.fopcio.pl\/?page_id=463"},"modified":"2023-02-13T14:23:30","modified_gmt":"2023-02-13T13:23:30","slug":"regulaminy","status":"publish","type":"page","link":"https:\/\/www.fopcio.pl\/?page_id=463","title":{"rendered":"Regulaminy"},"content":{"rendered":"\t\t<div data-elementor-type=\"wp-page\" data-elementor-id=\"463\" class=\"elementor elementor-463\" data-elementor-post-type=\"page\">\n\t\t\t\t\t\t<section class=\"elementor-section elementor-top-section elementor-element elementor-element-e021f60 elementor-section-full_width elementor-section-stretched elementor-section-height-default elementor-section-height-default\" data-id=\"e021f60\" data-element_type=\"section\" data-settings=\"{&quot;stretch_section&quot;:&quot;section-stretched&quot;,&quot;background_background&quot;:&quot;classic&quot;}\">\n\t\t\t\t\t\t<div class=\"elementor-container elementor-column-gap-default\">\n\t\t\t\t\t<div class=\"elementor-column elementor-col-100 elementor-top-column elementor-element elementor-element-e02cae4\" data-id=\"e02cae4\" data-element_type=\"column\">\n\t\t\t<div class=\"elementor-widget-wrap elementor-element-populated\">\n\t\t\t\t\t\t<div class=\"elementor-element elementor-element-d4c545a elementor-widget elementor-widget-spacer\" data-id=\"d4c545a\" data-element_type=\"widget\" data-widget_type=\"spacer.default\">\n\t\t\t\t<div class=\"elementor-widget-container\">\n\t\t\t<style>\/*! elementor - v3.21.0 - 15-04-2024 *\/\n.elementor-column .elementor-spacer-inner{height:var(--spacer-size)}.e-con{--container-widget-width:100%}.e-con-inner>.elementor-widget-spacer,.e-con>.elementor-widget-spacer{width:var(--container-widget-width,var(--spacer-size));--align-self:var(--container-widget-align-self,initial);--flex-shrink:0}.e-con-inner>.elementor-widget-spacer>.elementor-widget-container,.e-con>.elementor-widget-spacer>.elementor-widget-container{height:100%;width:100%}.e-con-inner>.elementor-widget-spacer>.elementor-widget-container>.elementor-spacer,.e-con>.elementor-widget-spacer>.elementor-widget-container>.elementor-spacer{height:100%}.e-con-inner>.elementor-widget-spacer>.elementor-widget-container>.elementor-spacer>.elementor-spacer-inner,.e-con>.elementor-widget-spacer>.elementor-widget-container>.elementor-spacer>.elementor-spacer-inner{height:var(--container-widget-height,var(--spacer-size))}.e-con-inner>.elementor-widget-spacer.elementor-widget-empty,.e-con>.elementor-widget-spacer.elementor-widget-empty{position:relative;min-height:22px;min-width:22px}.e-con-inner>.elementor-widget-spacer.elementor-widget-empty .elementor-widget-empty-icon,.e-con>.elementor-widget-spacer.elementor-widget-empty .elementor-widget-empty-icon{position:absolute;top:0;bottom:0;left:0;right:0;margin:auto;padding:0;width:22px;height:22px}<\/style>\t\t<div class=\"elementor-spacer\">\n\t\t\t<div class=\"elementor-spacer-inner\"><\/div>\n\t\t<\/div>\n\t\t\t\t<\/div>\n\t\t\t\t<\/div>\n\t\t\t\t\t<\/div>\n\t\t<\/div>\n\t\t\t\t\t<\/div>\n\t\t<\/section>\n\t\t\t\t<section class=\"elementor-section elementor-top-section elementor-element elementor-element-eda991c elementor-section-boxed elementor-section-height-default elementor-section-height-default\" data-id=\"eda991c\" data-element_type=\"section\" data-settings=\"{&quot;background_background&quot;:&quot;classic&quot;}\">\n\t\t\t\t\t\t<div class=\"elementor-container elementor-column-gap-default\">\n\t\t\t\t\t<div class=\"elementor-column elementor-col-100 elementor-top-column elementor-element elementor-element-7bca4f6\" data-id=\"7bca4f6\" data-element_type=\"column\" data-settings=\"{&quot;background_background&quot;:&quot;classic&quot;}\">\n\t\t\t<div class=\"elementor-widget-wrap elementor-element-populated\">\n\t\t\t\t\t\t<div class=\"elementor-element elementor-element-be97c25 elementor-widget elementor-widget-text-editor\" data-id=\"be97c25\" data-element_type=\"widget\" data-widget_type=\"text-editor.default\">\n\t\t\t\t<div class=\"elementor-widget-container\">\n\t\t\t<style>\/*! elementor - v3.21.0 - 15-04-2024 *\/\n.elementor-widget-text-editor.elementor-drop-cap-view-stacked .elementor-drop-cap{background-color:#69727d;color:#fff}.elementor-widget-text-editor.elementor-drop-cap-view-framed .elementor-drop-cap{color:#69727d;border:3px solid;background-color:transparent}.elementor-widget-text-editor:not(.elementor-drop-cap-view-default) .elementor-drop-cap{margin-top:8px}.elementor-widget-text-editor:not(.elementor-drop-cap-view-default) .elementor-drop-cap-letter{width:1em;height:1em}.elementor-widget-text-editor .elementor-drop-cap{float:left;text-align:center;line-height:1;font-size:50px}.elementor-widget-text-editor .elementor-drop-cap-letter{display:inline-block}<\/style>\t\t\t\t<h3><strong>Regulamin przekazywania darowizn i\u00a0Polityka prywatno\u015bci<\/strong><\/h3><p><b>Regulamin przekazywania darowizn oraz<\/b><\/p><p><b>Polityka prywatno\u015bci (zasady przetwarzania danych osobowych).<\/b><\/p><p><span style=\"font-weight: 400;\">\u00a0<\/span><b>Niniejszy regulamin opisuje zasady przekazywania darowizn pieni\u0119\u017cnych na\u00a0rzecz Fundacji Obrony Praw Cz\u0142owieka i Obywatela z\u00a0siedzib\u0105 w\u00a0Elbl\u0105gu (kod pocztowy 82-300), przy ulicy Wi\u0105zowej 20 , KRS 0000935489 (zwanej w dalszej cz\u0119\u015bci regulaminu Fundacj\u0105 ) oraz\u00a0przetwarzania danych osobowych us\u0142ug\u0105 \u015bwiadczon\u0105 za\u00a0po\u015brednictwem strony internetowej www.fundacjaobronypraw.pl<\/b><\/p><p><b>Dzia\u0142 I<\/b><span style=\"font-weight: 400;\"><br \/><\/span><b>Postanowienia og\u00f3lne<\/b><\/p><ol><li style=\"font-weight: 400;\" aria-level=\"1\"><span style=\"font-weight: 400;\">Fundacja Obrony Praw przyjmuje darowizny pieni\u0119\u017cne jedynie na\u00a0cele okre\u015blone w\u00a0Statucie Fundacji.<\/span><\/li><li style=\"font-weight: 400;\" aria-level=\"1\"><span style=\"font-weight: 400;\">Fundacja przyjmuje darowizny pieni\u0119\u017cne poprzez:<\/span><\/li><\/ol><ul><li style=\"font-weight: 400;\" aria-level=\"2\"><span style=\"font-weight: 400;\">wp\u0142aty na\u00a0rachunek bankowy Fundacji o\u00a0numerach:<\/span><\/li><li style=\"font-weight: 400;\" aria-level=\"2\"><span style=\"font-weight: 400;\">40 9484 1206 2850 0852 9716 0001\u00a0\u2013 dla wp\u0142at w\u00a0PLN,<\/span><\/li><li style=\"font-weight: 400;\" aria-level=\"2\"><span style=\"font-weight: 400;\">zbi\u00f3rki publiczne organizowane zgodnie z\u00a0przepisami ustawy z\u00a0dnia 14\u00a0marca 2014\u00a0r. o\u00a0zasadach prowadzenia zbi\u00f3rek publicznych z p\u00f3\u017aniejszymi zmianami<\/span><\/li><\/ul><ol><li style=\"font-weight: 400;\" aria-level=\"1\"><span style=\"font-weight: 400;\">Wszelkie wp\u0142aty oraz\u00a0darowizny rzeczowe s\u0105\u00a0dobrowolne i\u00a0stanowi\u0105 darowizn\u0119 w\u00a0rozumieniu art. 888\u00a0i nast. kodeksu cywilnego.<\/span><\/li><li style=\"font-weight: 400;\" aria-level=\"1\"><span style=\"font-weight: 400;\">Darowizna pieni\u0119\u017cna nie\u00a0podlega zwrotowi.<\/span><\/li><li style=\"font-weight: 400;\" aria-level=\"1\"><span style=\"font-weight: 400;\">Strona www.fundacjaobronypraw.pl umo\u017cliwia:<\/span><\/li><\/ol><ul><li style=\"font-weight: 400;\" aria-level=\"2\"><span style=\"font-weight: 400;\">przekazywanie darowizn pieni\u0119\u017cnych na\u00a0dzia\u0142ania statutowe Fundacji,<\/span><\/li><li style=\"font-weight: 400;\" aria-level=\"2\"><span style=\"font-weight: 400;\">subskrypcj\u0119 do\u00a0list mailingowych Fundacji, przy czym w\u00a0wypadku przekazania darowizny u\u017cytkownik wyra\u017ca tym samym zgod\u0119 na\u00a0subskrypcj\u0119 do\u00a0list mailingowych Fundacji.<\/span><\/li><\/ul><ol><li style=\"font-weight: 400;\" aria-level=\"1\"><span style=\"font-weight: 400;\">U\u017cytkownik mo\u017ce wycofa\u0107 swoj\u0105 zgod\u0119 na\u00a0subskrypcj\u0119 do\u00a0list mailingowych poprzez zg\u0142oszenie takiego \u017c\u0105dania poczt\u0105 elektroniczn\u0105 na\u00a0adres: biuro@fundacjaobronypraw.pl<\/span><\/li><li style=\"font-weight: 400;\" aria-level=\"1\"><span style=\"font-weight: 400;\">Przed\u00a0skorzystaniem z\u00a0us\u0142ug \u015bwiadczonych za\u00a0po\u015brednictwem strony www.fundacjaobronypraw.pl u\u017cytkownik jest zobowi\u0105zany do\u00a0zapoznania si\u0119 z\u00a0tre\u015bci\u0105 niniejszego Regulaminu. Korzystaj\u0105c z\u00a0tych us\u0142ug, u\u017cytkownik potwierdza, \u017ce\u00a0zapozna\u0142 si\u0119 z\u00a0tre\u015bci\u0105 Regulaminu, akceptuje jego postanowienia i\u00a0zobowi\u0105zuje si\u0119 do\u00a0ich przestrzegania.<\/span><\/li><li style=\"font-weight: 400;\" aria-level=\"1\"><span style=\"font-weight: 400;\">Aktualna wersja Regulaminu zamieszczony jest na\u00a0stronie www.fundacjaobronypraw.pl<\/span><\/li><li style=\"font-weight: 400;\" aria-level=\"1\"><span style=\"font-weight: 400;\">Fundacja zastrzega sobie prawo do\u00a0jednostronnej zmiany niniejszego Regulaminu w\u00a0ka\u017cdym czasie. Zmienione postanowienia Regulaminu obowi\u0105zuj\u0105 od\u00a0chwili ich publikacji na\u00a0stronie www.fundacjaobronypraw.pl<\/span><\/li><\/ol><p><span style=\"font-weight: 400;\">\u00a0<\/span><\/p><p><b>Dzia\u0142 III<\/b><span style=\"font-weight: 400;\"><br \/><\/span><b>Polityka prywatno\u015bci oraz\u00a0zasady przetwarzania danych osobowych<\/b><\/p><ol><li style=\"font-weight: 400;\" aria-level=\"1\"><span style=\"font-weight: 400;\">Dane osobowe u\u017cytkownika serwisu www.fundacjaobronypraw.pl przetwarza Fundacja Obrony Praw Cz\u0142owieka i Obywatela.<\/span><\/li><li style=\"font-weight: 400;\" aria-level=\"1\"><span style=\"font-weight: 400;\">Dane osobowe u\u017cytkownika przetwarzane s\u0105:<\/span><\/li><\/ol><ul><li style=\"font-weight: 400;\" aria-level=\"2\"><span style=\"font-weight: 400;\">w\u00a0celu wykonania umowy darowizny, w\u00a0tym jej technicznej obs\u0142ugi \u2013 w\u00a0tym zakresie Fundacja prosi o\u00a0podanie imienia i\u00a0nazwiska u\u017cytkownika, a\u00a0tak\u017ce adresu email. W\u00a0przypadku tradycyjnego przelewu bankowego oraz\u00a0formularza p\u0142atno\u015bci Fundacja przetwarza ponadto numer rachunku bankowego i\u00a0adres widoczny w\u00a0danych przelewu,<\/span><\/li><li style=\"font-weight: 400;\" aria-level=\"2\"><span style=\"font-weight: 400;\">w\u00a0celu wype\u0142nienia ci\u0105\u017c\u0105cych na\u00a0Fundacji obowi\u0105zk\u00f3w prawnych \u2013 w\u00a0tym zakresie Fundacja przetwarza informacje okre\u015blone w\u00a0powy\u017cszym punkcie,<\/span><\/li><li style=\"font-weight: 400;\" aria-level=\"2\"><span style=\"font-weight: 400;\">w\u00a0celu wys\u0142ania potwierdzenia wykonania przelewu i\u00a0wysy\u0142ania podzi\u0119kowa\u0144 za\u00a0wsparcie oraz\u00a0w\u00a0celu prowadzenia statystyk wp\u0142at \u2013 w\u00a0tym zakresie Fundacja przetwarza dane okre\u015blone powy\u017cej oraz\u00a0ilo\u015b\u0107 i\u00a0wysoko\u015b\u0107 darowizn dokonanych przez\u00a0u\u017cytkownika,<\/span><\/li><li style=\"font-weight: 400;\" aria-level=\"2\"><span style=\"font-weight: 400;\">w\u00a0celu stworzenia listy mailingowej s\u0142u\u017c\u0105cej celom marketingowym \u2013 informowaniu u\u017cytkownik\u00f3w przy pomocy poczty elektronicznej o\u00a0dzia\u0142aniach podejmowanych przez\u00a0Fundacj\u0119 i\u00a0zach\u0119caniu zarejestrowanych u\u017cytkownik\u00f3w do\u00a0wsparcia akcji i\u00a0inicjatyw Fundacji, w\u00a0tym poprzez wysy\u0142anie cyklicznego newslettera \u2013 w\u00a0tym zakresie w\u00a0tym zakresie Fundacja przetwarza informacje imi\u0119 i\u00a0nazwisko oraz\u00a0adres email u\u017cytkownika.<\/span><\/li><\/ul><ol><li style=\"font-weight: 400;\" aria-level=\"1\"><span style=\"font-weight: 400;\">Podanie danych osobowych jest dobrowolne, ale\u00a0bez\u00a0ich przekazania niemo\u017cliwe jest dokonanie przez\u00a0u\u017cytkownika darowizny pieni\u0119\u017cnej na\u00a0rzecz Fundacji.<\/span><\/li><li style=\"font-weight: 400;\" aria-level=\"1\"><span style=\"font-weight: 400;\">Podstaw\u0105 prawn\u0105 przetwarzania danych osobowych u\u017cytkownika jest jego zgoda, wyra\u017cona w\u00a0spos\u00f3b wyra\u017any lub dorozumiany poprzez dokonanie darowizny pieni\u0119\u017cnej. Ponadto podstaw\u0105 prawn\u0105 przetwarzania danych jest konieczno\u015b\u0107 wykonania przepis\u00f3w prawa przez\u00a0Fundacj\u0119, oraz\u00a0jej prawnie uzasadniony interes.<\/span><\/li><li style=\"font-weight: 400;\" aria-level=\"1\"><span style=\"font-weight: 400;\">Dane osobowe u\u017cytkownika przetwarzaj\u0105 r\u00f3wnie\u017c nast\u0119puj\u0105ce podmioty:<\/span><\/li><\/ol><ul><li style=\"font-weight: 400;\" aria-level=\"2\"><span style=\"font-weight: 400;\">na\u00a0podstawie umowy powierzenia \u2013 dostawca rozwi\u0105za\u0144 www dla Fundacji<\/span><\/li><li style=\"font-weight: 400;\" aria-level=\"2\"><span style=\"font-weight: 400;\">na\u00a0podstawie umowy powierzenia \u2013 Kancelaria Labor Sp. z o.o. ul.P\u0142o\u0144ska 56D, 06-400\u00a0Ciechan\u00f3w prowadz\u0105ce ksi\u0119gowo\u015b\u0107 i rozliczenia podatkowe Fundacji,<\/span><\/li><li style=\"font-weight: 400;\" aria-level=\"2\"><span style=\"font-weight: 400;\">odr\u0119bni administratorzy tj.:<\/span><ul><li style=\"font-weight: 400;\" aria-level=\"3\"><span style=\"font-weight: 400;\">bank prowadz\u0105cy rachunek bankowy Fundacji \u2013\u00a0 <\/span>Bank Sp\u00f3\u0142dzielczy w Brodnicy O. w Elbl\u0105gu &#8211; <span>Elbl\u0105g 82-300, ul.12 lutego 25<\/span><\/li><\/ul><\/li><\/ul><ol><li style=\"font-weight: 400;\" aria-level=\"1\"><span style=\"font-weight: 400;\">\u00a0przechowuje dane osobowe u\u017cytkownika w\u00a0formie elektronicznej, w\u00a0tym na\u00a0serwerze nale\u017c\u0105cym do\u00a0dostawcy systemu informatycznego, na\u00a0komputerach nale\u017c\u0105cych do\u00a0Fundacji, no\u015bnikach pami\u0119ci flash lub zewn\u0119trznych twardych dyskach oraz\u00a0w\u00a0telefonach. Ponadto dane te\u00a0s\u0105\u00a0przechowywane w\u00a0formie papierowej.<\/span><\/li><li style=\"font-weight: 400;\" aria-level=\"1\"><span style=\"font-weight: 400;\">Dane osobowe u\u017cytkownika nie\u00a0b\u0119d\u0105 przetwarzane w\u00a0spos\u00f3b ca\u0142kowicie zautomatyzowany, ani poprzez profilowanie.<\/span><\/li><li style=\"font-weight: 400;\" aria-level=\"1\"><span style=\"font-weight: 400;\">Dane osobowe b\u0119d\u0105 przetwarzane przez\u00a0czas do\u00a0up\u0142ywu okresu przedawnienia roszcze\u0144 i\u00a0obowi\u0105zk\u00f3w wynikaj\u0105cych z\u00a0umowy zawartej z\u00a0administratorem.<\/span><\/li><li style=\"font-weight: 400;\" aria-level=\"1\"><span style=\"font-weight: 400;\">Dane osobowe U\u017cytkownika nie\u00a0b\u0119d\u0105 przekazywane do\u00a0pa\u0144stw spoza Europejskiego Obszaru Gospodarczego.<\/span><\/li><li style=\"font-weight: 400;\" aria-level=\"1\"><span style=\"font-weight: 400;\">U\u017cytkownik ma\u00a0prawo dost\u0119pu do\u00a0swoich danych osobowych przetwarzanych przez\u00a0Fundacj\u0119, ich poprawiania, \u017c\u0105dania ich usuni\u0119cia, a\u00a0tak\u017ce prawo ograniczenia przetwarzania, wniesienia sprzeciwu co\u00a0do\u00a0przetwarzania danych osobowych.<\/span><\/li><li style=\"font-weight: 400;\" aria-level=\"1\"><span style=\"font-weight: 400;\">U\u017cytkownik ma\u00a0prawo wniesienia skargi do\u00a0Prezesa Urz\u0119du Ochrony Danych Osobowych, je\u017celi jego dane osobowe s\u0105\u00a0przetwarzane w\u00a0spos\u00f3b sprzeczny z\u00a0prawem.<\/span><\/li><li style=\"font-weight: 400;\" aria-level=\"1\"><span style=\"font-weight: 400;\">Zasady dotycz\u0105ce plik\u00f3w cookie okre\u015blone s\u0105\u00a0w\u00a0odr\u0119bnej Polityce cookie, znajduj\u0105cej si\u0119 w\u00a0Regulaminie strony.<\/span><\/li><\/ol><p>\u00a0<\/p><p><b>Dzia\u0142 IV<\/b><span style=\"font-weight: 400;\"><br \/><\/span><b>Reklamacje<\/b><\/p><ol><li style=\"font-weight: 400;\" aria-level=\"1\"><span style=\"font-weight: 400;\">Reklamacje dotycz\u0105ce \u015bwiadczonej us\u0142ugi mog\u0105 by\u0107 zg\u0142aszane za\u00a0po\u015brednictwem poczty elektronicznej na\u00a0adres mailowy: biuro@fundacjaobronypraw.pl lub poczt\u0105 tradycyjn\u0105 na\u00a0adres siedziby.<\/span><\/li><li style=\"font-weight: 400;\" aria-level=\"1\"><span style=\"font-weight: 400;\">Fundacja rozpatrzy reklamacj\u0119 oraz\u00a0powiadomi u\u017cytkownika o\u00a0jej rozstrzygni\u0119ciu za\u00a0po\u015brednictwem poczty elektronicznej w\u00a0terminie 14\u00a0(czternastu) dni od\u00a0dnia otrzymania reklamacji<\/span><\/li><\/ol><p>\u00a0<\/p><p><span style=\"font-weight: 400;\">We wszystkich nieuregulowanych przez niniejszy dokument sprawach maj\u0105 zastosowanie przepisy Kodeksu Cywilnego obowi\u0105zuj\u0105cego w Rzeczypospolitej Polskiej.<\/span><\/p>\t\t\t\t\t\t<\/div>\n\t\t\t\t<\/div>\n\t\t\t\t\t<\/div>\n\t\t<\/div>\n\t\t\t\t\t<\/div>\n\t\t<\/section>\n\t\t\t\t<section class=\"elementor-section elementor-top-section elementor-element elementor-element-186c80e elementor-section-full_width elementor-section-stretched elementor-section-height-default elementor-section-height-default\" data-id=\"186c80e\" data-element_type=\"section\" data-settings=\"{&quot;stretch_section&quot;:&quot;section-stretched&quot;,&quot;background_background&quot;:&quot;classic&quot;}\">\n\t\t\t\t\t\t<div class=\"elementor-container elementor-column-gap-default\">\n\t\t\t\t\t<div class=\"elementor-column elementor-col-100 elementor-top-column elementor-element elementor-element-63f7a91\" data-id=\"63f7a91\" data-element_type=\"column\">\n\t\t\t<div class=\"elementor-widget-wrap elementor-element-populated\">\n\t\t\t\t\t\t<div class=\"elementor-element elementor-element-8d204fe elementor-widget elementor-widget-spacer\" data-id=\"8d204fe\" data-element_type=\"widget\" data-widget_type=\"spacer.default\">\n\t\t\t\t<div class=\"elementor-widget-container\">\n\t\t\t\t\t<div class=\"elementor-spacer\">\n\t\t\t<div class=\"elementor-spacer-inner\"><\/div>\n\t\t<\/div>\n\t\t\t\t<\/div>\n\t\t\t\t<\/div>\n\t\t\t\t\t<\/div>\n\t\t<\/div>\n\t\t\t\t\t<\/div>\n\t\t<\/section>\n\t\t\t\t<\/div>\n\t\t","protected":false},"excerpt":{"rendered":"<p>Regulamin przekazywania darowizn i\u00a0Polityka prywatno\u015bci Regulamin przekazywania darowizn oraz Polityka prywatno\u015bci (zasady przetwarzania danych osobowych). \u00a0Niniejszy regulamin opisuje zasady przekazywania darowizn pieni\u0119\u017cnych na\u00a0rzecz Fundacji Obrony Praw Cz\u0142owieka i Obywatela z\u00a0siedzib\u0105 w\u00a0Elbl\u0105gu (kod pocztowy 82-300), przy ulicy Wi\u0105zowej 20 , KRS 0000935489 (zwanej w dalszej cz\u0119\u015bci regulaminu Fundacj\u0105 ) oraz\u00a0przetwarzania danych osobowych us\u0142ug\u0105 \u015bwiadczon\u0105 za\u00a0po\u015brednictwem strony [&hellip;]<\/p>\n","protected":false},"author":2,"featured_media":0,"parent":25,"menu_order":0,"comment_status":"closed","ping_status":"closed","template":"","meta":{"footnotes":""},"class_list":["post-463","page","type-page","status-publish","hentry"],"_links":{"self":[{"href":"https:\/\/www.fopcio.pl\/index.php?rest_route=\/wp\/v2\/pages\/463","targetHints":{"allow":["GET"]}}],"collection":[{"href":"https:\/\/www.fopcio.pl\/index.php?rest_route=\/wp\/v2\/pages"}],"about":[{"href":"https:\/\/www.fopcio.pl\/index.php?rest_route=\/wp\/v2\/types\/page"}],"author":[{"embeddable":true,"href":"https:\/\/www.fopcio.pl\/index.php?rest_route=\/wp\/v2\/users\/2"}],"replies":[{"embeddable":true,"href":"https:\/\/www.fopcio.pl\/index.php?rest_route=%2Fwp%2Fv2%2Fcomments&post=463"}],"version-history":[{"count":16,"href":"https:\/\/www.fopcio.pl\/index.php?rest_route=\/wp\/v2\/pages\/463\/revisions"}],"predecessor-version":[{"id":1244,"href":"https:\/\/www.fopcio.pl\/index.php?rest_route=\/wp\/v2\/pages\/463\/revisions\/1244"}],"up":[{"embeddable":true,"href":"https:\/\/www.fopcio.pl\/index.php?rest_route=\/wp\/v2\/pages\/25"}],"wp:attachment":[{"href":"https:\/\/www.fopcio.pl\/index.php?rest_route=%2Fwp%2Fv2%2Fmedia&parent=463"}],"curies":[{"name":"wp","href":"https:\/\/api.w.org\/{rel}","templated":true}]}}