{"id":457,"date":"2023-02-11T22:45:28","date_gmt":"2023-02-11T21:45:28","guid":{"rendered":"https:\/\/www.fopcio.pl\/?page_id=457"},"modified":"2023-02-13T14:23:06","modified_gmt":"2023-02-13T13:23:06","slug":"informacje-o-fundatorze","status":"publish","type":"page","link":"https:\/\/www.fopcio.pl\/?page_id=457","title":{"rendered":"Informacje o fundatorze"},"content":{"rendered":"\t\t<div data-elementor-type=\"wp-page\" data-elementor-id=\"457\" class=\"elementor elementor-457\" data-elementor-post-type=\"page\">\n\t\t\t\t\t\t<section class=\"elementor-section elementor-top-section elementor-element elementor-element-cb4aa22 elementor-section-full_width elementor-section-stretched elementor-section-height-default elementor-section-height-default\" data-id=\"cb4aa22\" data-element_type=\"section\" data-settings=\"{&quot;stretch_section&quot;:&quot;section-stretched&quot;,&quot;background_background&quot;:&quot;classic&quot;}\">\n\t\t\t\t\t\t<div class=\"elementor-container elementor-column-gap-default\">\n\t\t\t\t\t<div class=\"elementor-column elementor-col-100 elementor-top-column elementor-element elementor-element-9a563df\" data-id=\"9a563df\" data-element_type=\"column\">\n\t\t\t<div class=\"elementor-widget-wrap elementor-element-populated\">\n\t\t\t\t\t\t<div class=\"elementor-element elementor-element-75f8c64 elementor-widget elementor-widget-spacer\" data-id=\"75f8c64\" data-element_type=\"widget\" data-widget_type=\"spacer.default\">\n\t\t\t\t<div class=\"elementor-widget-container\">\n\t\t\t<style>\/*! elementor - v3.21.0 - 15-04-2024 *\/\n.elementor-column .elementor-spacer-inner{height:var(--spacer-size)}.e-con{--container-widget-width:100%}.e-con-inner>.elementor-widget-spacer,.e-con>.elementor-widget-spacer{width:var(--container-widget-width,var(--spacer-size));--align-self:var(--container-widget-align-self,initial);--flex-shrink:0}.e-con-inner>.elementor-widget-spacer>.elementor-widget-container,.e-con>.elementor-widget-spacer>.elementor-widget-container{height:100%;width:100%}.e-con-inner>.elementor-widget-spacer>.elementor-widget-container>.elementor-spacer,.e-con>.elementor-widget-spacer>.elementor-widget-container>.elementor-spacer{height:100%}.e-con-inner>.elementor-widget-spacer>.elementor-widget-container>.elementor-spacer>.elementor-spacer-inner,.e-con>.elementor-widget-spacer>.elementor-widget-container>.elementor-spacer>.elementor-spacer-inner{height:var(--container-widget-height,var(--spacer-size))}.e-con-inner>.elementor-widget-spacer.elementor-widget-empty,.e-con>.elementor-widget-spacer.elementor-widget-empty{position:relative;min-height:22px;min-width:22px}.e-con-inner>.elementor-widget-spacer.elementor-widget-empty .elementor-widget-empty-icon,.e-con>.elementor-widget-spacer.elementor-widget-empty .elementor-widget-empty-icon{position:absolute;top:0;bottom:0;left:0;right:0;margin:auto;padding:0;width:22px;height:22px}<\/style>\t\t<div class=\"elementor-spacer\">\n\t\t\t<div class=\"elementor-spacer-inner\"><\/div>\n\t\t<\/div>\n\t\t\t\t<\/div>\n\t\t\t\t<\/div>\n\t\t\t\t\t<\/div>\n\t\t<\/div>\n\t\t\t\t\t<\/div>\n\t\t<\/section>\n\t\t\t\t<section class=\"elementor-section elementor-top-section elementor-element elementor-element-1cc1da4 elementor-section-boxed elementor-section-height-default elementor-section-height-default\" data-id=\"1cc1da4\" data-element_type=\"section\" data-settings=\"{&quot;background_background&quot;:&quot;classic&quot;}\">\n\t\t\t\t\t\t<div class=\"elementor-container elementor-column-gap-default\">\n\t\t\t\t\t<div class=\"elementor-column elementor-col-100 elementor-top-column elementor-element elementor-element-633a406\" data-id=\"633a406\" data-element_type=\"column\" data-settings=\"{&quot;background_background&quot;:&quot;classic&quot;}\">\n\t\t\t<div class=\"elementor-widget-wrap elementor-element-populated\">\n\t\t\t\t\t\t<div class=\"elementor-element elementor-element-dcb4ad4 elementor-widget elementor-widget-text-editor\" data-id=\"dcb4ad4\" data-element_type=\"widget\" data-widget_type=\"text-editor.default\">\n\t\t\t\t<div class=\"elementor-widget-container\">\n\t\t\t<style>\/*! elementor - v3.21.0 - 15-04-2024 *\/\n.elementor-widget-text-editor.elementor-drop-cap-view-stacked .elementor-drop-cap{background-color:#69727d;color:#fff}.elementor-widget-text-editor.elementor-drop-cap-view-framed .elementor-drop-cap{color:#69727d;border:3px solid;background-color:transparent}.elementor-widget-text-editor:not(.elementor-drop-cap-view-default) .elementor-drop-cap{margin-top:8px}.elementor-widget-text-editor:not(.elementor-drop-cap-view-default) .elementor-drop-cap-letter{width:1em;height:1em}.elementor-widget-text-editor .elementor-drop-cap{float:left;text-align:center;line-height:1;font-size:50px}.elementor-widget-text-editor .elementor-drop-cap-letter{display:inline-block}<\/style>\t\t\t\t<h3>Fundacja Obrony Praw Cz\u0142owieka zosta\u0142a powo\u0142ana do \u017cycia w grudniu 2021 roku.<\/h3><h4>Jej Fundatorem i Prezesem jest Pan Grzegorz Wo\u0142oszczak &#8211; podporucznik Wojska Polskiego w stanie spoczynku. W roku 1976 rozpocz\u0105\u0142 studia na Akademii Ekonomicznej w Katowicach. Utrzymywa\u0142 kontakty ze \u015brodowiskiem student\u00f3w z Wroc\u0142awia, w\u015br\u00f3d kt\u00f3rych pozna\u0142 \u015bp. Kornela Morawieckiego i za jego namow\u0105 przyst\u0105pi\u0142 do organizowania spotka\u0144 ze studentami tworz\u0105c grupy samokszta\u0142ceniowe przygotowuj\u0105c student\u00f3w do strajk\u00f3w. W roku 1979 uczestniczy\u0142 w spotkaniach z Ojcem \u015awi\u0119tym Janem Paw\u0142em II podczas Jego pielgrzymki do Polski. Pe\u0142ni\u0142 funkcje w ko\u015bcielnej s\u0142u\u017cbie m\u0119\u017cczyzn, stra\u017cy porz\u0105dkowej b\u0119d\u0105c wsp\u00f3\u0142odpowiedzialnym za bezpiecze\u0144stwo papie\u017ca. Wsp\u00f3lnie z kolegami z uczelni organizuje spotkania przybli\u017caj\u0105ce prawdziw\u0105 histori\u0119 Polski, demaskuj\u0105c k\u0142amstwa rz\u0105du komunistycznego. W marcu 1981 roku w trakcie wydarze\u0144 bydgoskich przebywa\u0142 w Bydgoszczy, z kt\u00f3rej przywi\u00f3z\u0142 zdj\u0119cia z prowokacji s\u0142u\u017cb bezpiecze\u0144stwa wraz z dok\u0142adnym opisem zdarzenia i plakatami komisji zak\u0142adowej NSZZ Solidarno\u015b\u0107, kt\u00f3re to rozpropagowa\u0142 na uczelniach wy\u017cszych G\u00f3rnego i Dolnego \u015al\u0105ska. Do 1982r. aktywnie dzia\u0142a\u0142 w Niezale\u017cnym Zrzeszeniu Student\u00f3w. Po usuni\u0119ciu ze uczelni w roku 1982 poszukiwany przez Wojskow\u0105 S\u0142u\u017cb\u0119 Wewn\u0119trzn\u0105 Ludowego Wojska Polskiego za unikanie s\u0142u\u017cby wojskowej. Post\u0119puj\u0105c zgodnie z sugestiami Kornela Morawieckiego na pocz\u0105tku 1983r. zg\u0142osi\u0142 si\u0119 do odbycia s\u0142u\u017cby wojskowej do O\u015brodka Szkolenia S\u0142u\u017cb Kwatermistrzowskich w Grudzi\u0105dzu. Zgodnie z za\u0142o\u017ceniem mia\u0142 tworzy\u0107 zal\u0105\u017cki Solidarno\u015bci Walcz\u0105cej w szeregach wojska oraz pomaga\u0107 \u017co\u0142nierzom powo\u0142ywanym karnie do s\u0142u\u017cby wojskowej, za dzia\u0142alno\u015b\u0107 w podziemiu solidarno\u015bciowym. Kolejnym zadaniem by\u0142o prowadzenie rozpoznania nastroj\u00f3w w\u015br\u00f3d kadry zawodowej i dow\u00f3dczej, z uwzgl\u0119dnieniem niezadowolenia z \u00f3wczesnego ustroju politycznego pa\u0144stwa. W tym czasie zajmowa\u0142 si\u0119 r\u00f3wnie\u017c kolporta\u017cem ulotek oraz prasy podziemnej na terenie jednostki wojskowej. Z zachowanych dokument\u00f3w w teczce akt personalnych (TAP) jasno wynika, \u017ce zgodnie z opiniami prze\u0142o\u017conych, podchor\u0105\u017cy Grzegorz Wo\u0142oszczak zdecydowanie nie pasuje do socjalistycznego modelu s\u0142u\u017cby. Przeniesiony do rezerwy w grudniu 1983r. Po zwolnieniu do cywila kontynuuje dzia\u0142alno\u015b\u0107 w Solidarno\u015bci Walcz\u0105cej , wsp\u00f3\u0142pracuj\u0105c z Konfederacj\u0105 M\u0142odzie\u017cy Walcz\u0105cej na terenie Pomorza Gda\u0144skiego oraz Warmii i Mazur. W latach 1985 &#8211; 1986 aktywnie wspiera\u0142 ko\u015bci\u00f3\u0142 katolicki w Polsce, uczestnicz\u0105c w budowie Ko\u015bcio\u0142a pod w B\u0142. Doroty z M\u0105t\u00f3w\u00a0 w Elbl\u0105gu, b\u0119d\u0105c jednocze\u015bnie jednym z fundator\u00f3w dzwonu ko\u015bcielnego oraz stacji drogi krzy\u017cowej oraz ko\u015bci\u00f3\u0142 pw. Wniebowzi\u0119cia NMP w Cieplicach. Odznaczony za swoj\u0105 s\u0142u\u017cb\u0119 na rzecz ko\u015bcio\u0142a katolickiego w Polsce Medalem Milito Pro Christo w roku 2019. Do dnia dzisiejszego prowadzi zaj\u0119cia edukacyjne przybli\u017caj\u0105c m\u0142odzie\u017cy histori\u0119 Solidarno\u015bci Walcz\u0105cej oraz tradycje Or\u0119\u017ca Polskiego ze szczeg\u00f3lnym uwzgl\u0119dnieniem podziemia antykomunistycznego (AK,NSZ). Sprawuje opiek\u0119 nad wychowankami m\u0142odzie\u017cowych o\u015brodk\u00f3w wychowawczych zapewniaj\u0105c im dost\u0119p do materia\u0142\u00f3w historycznych IPN, Instytutu Pileckiego oraz Muzeum WP. Organizuje wystawy, prelekcje i pokazy film\u00f3w o tematyce niepodleg\u0142o\u015bciowej.<\/h4><h3><span style=\"text-decoration: underline;\"><em>Za swe zas\u0142ugi dla wolno\u015bci odznaczony i wyr\u00f3\u017cniony m.in. Krzy\u017cem Wolno\u015bci i Solidarno\u015bci oraz Drzwiami do Wolno\u015bci.<\/em><\/span><\/h3>\t\t\t\t\t\t<\/div>\n\t\t\t\t<\/div>\n\t\t\t\t\t<\/div>\n\t\t<\/div>\n\t\t\t\t\t<\/div>\n\t\t<\/section>\n\t\t\t\t<\/div>\n\t\t","protected":false},"excerpt":{"rendered":"<p>Fundacja Obrony Praw Cz\u0142owieka zosta\u0142a powo\u0142ana do \u017cycia w grudniu 2021 roku. Jej Fundatorem i Prezesem jest Pan Grzegorz Wo\u0142oszczak &#8211; podporucznik Wojska Polskiego w stanie spoczynku. W roku 1976 rozpocz\u0105\u0142 studia na Akademii Ekonomicznej w Katowicach. Utrzymywa\u0142 kontakty ze \u015brodowiskiem student\u00f3w z Wroc\u0142awia, w\u015br\u00f3d kt\u00f3rych pozna\u0142 \u015bp. Kornela Morawieckiego i za jego namow\u0105 przyst\u0105pi\u0142 [&hellip;]<\/p>\n","protected":false},"author":2,"featured_media":0,"parent":25,"menu_order":0,"comment_status":"closed","ping_status":"closed","template":"","meta":{"footnotes":""},"class_list":["post-457","page","type-page","status-publish","hentry"],"_links":{"self":[{"href":"https:\/\/www.fopcio.pl\/index.php?rest_route=\/wp\/v2\/pages\/457","targetHints":{"allow":["GET"]}}],"collection":[{"href":"https:\/\/www.fopcio.pl\/index.php?rest_route=\/wp\/v2\/pages"}],"about":[{"href":"https:\/\/www.fopcio.pl\/index.php?rest_route=\/wp\/v2\/types\/page"}],"author":[{"embeddable":true,"href":"https:\/\/www.fopcio.pl\/index.php?rest_route=\/wp\/v2\/users\/2"}],"replies":[{"embeddable":true,"href":"https:\/\/www.fopcio.pl\/index.php?rest_route=%2Fwp%2Fv2%2Fcomments&post=457"}],"version-history":[{"count":28,"href":"https:\/\/www.fopcio.pl\/index.php?rest_route=\/wp\/v2\/pages\/457\/revisions"}],"predecessor-version":[{"id":1241,"href":"https:\/\/www.fopcio.pl\/index.php?rest_route=\/wp\/v2\/pages\/457\/revisions\/1241"}],"up":[{"embeddable":true,"href":"https:\/\/www.fopcio.pl\/index.php?rest_route=\/wp\/v2\/pages\/25"}],"wp:attachment":[{"href":"https:\/\/www.fopcio.pl\/index.php?rest_route=%2Fwp%2Fv2%2Fmedia&parent=457"}],"curies":[{"name":"wp","href":"https:\/\/api.w.org\/{rel}","templated":true}]}}