{"id":1339,"date":"2023-03-20T10:27:48","date_gmt":"2023-03-20T09:27:48","guid":{"rendered":"https:\/\/www.fopcio.pl\/?page_id=1339"},"modified":"2023-03-20T10:55:55","modified_gmt":"2023-03-20T09:55:55","slug":"na-ratunek-trenowali-pomoc-przedmedyczna-morski-oddzial-strazy-granicznej","status":"publish","type":"page","link":"https:\/\/www.fopcio.pl\/?page_id=1339","title":{"rendered":"Na ratunek \u2013 trenowali pomoc przedmedyczn\u0105 &#8211; Morski Oddzia\u0142 Stra\u017cy Granicznej"},"content":{"rendered":"\t\t<div data-elementor-type=\"wp-page\" data-elementor-id=\"1339\" class=\"elementor elementor-1339\" data-elementor-post-type=\"page\">\n\t\t\t\t\t\t<section class=\"elementor-section elementor-top-section elementor-element elementor-element-06e17ca elementor-section-boxed elementor-section-height-default elementor-section-height-default\" data-id=\"06e17ca\" data-element_type=\"section\" data-settings=\"{&quot;background_background&quot;:&quot;classic&quot;}\">\n\t\t\t\t\t\t\t<div class=\"elementor-background-overlay\"><\/div>\n\t\t\t\t\t\t\t<div class=\"elementor-container elementor-column-gap-no\">\n\t\t\t\t\t<div class=\"elementor-column elementor-col-100 elementor-top-column elementor-element elementor-element-5674428\" data-id=\"5674428\" data-element_type=\"column\" data-settings=\"{&quot;background_background&quot;:&quot;classic&quot;}\">\n\t\t\t<div class=\"elementor-widget-wrap elementor-element-populated\">\n\t\t\t\t\t\t<div class=\"elementor-element elementor-element-9c5b6d8 elementor-widget elementor-widget-text-editor\" data-id=\"9c5b6d8\" data-element_type=\"widget\" data-widget_type=\"text-editor.default\">\n\t\t\t\t<div class=\"elementor-widget-container\">\n\t\t\t<style>\/*! elementor - v3.21.0 - 15-04-2024 *\/\n.elementor-widget-text-editor.elementor-drop-cap-view-stacked .elementor-drop-cap{background-color:#69727d;color:#fff}.elementor-widget-text-editor.elementor-drop-cap-view-framed .elementor-drop-cap{color:#69727d;border:3px solid;background-color:transparent}.elementor-widget-text-editor:not(.elementor-drop-cap-view-default) .elementor-drop-cap{margin-top:8px}.elementor-widget-text-editor:not(.elementor-drop-cap-view-default) .elementor-drop-cap-letter{width:1em;height:1em}.elementor-widget-text-editor .elementor-drop-cap{float:left;text-align:center;line-height:1;font-size:50px}.elementor-widget-text-editor .elementor-drop-cap-letter{display:inline-block}<\/style>\t\t\t\t<div class=\"head\"><h3>W Morskim Oddziale Stra\u017cy Granicznej 16 marca odby\u0142o si\u0119 szkolenie z udzielania pierwszej pomocy przedmedycznej. Uczestniczy\u0142o w nim \u0142\u0105cznie przesz\u0142o 40 os\u00f3b, funkcjonariuszy Stra\u017cy Granicznej i Stra\u017cy Le\u015bnej.<\/h3><\/div><article class=\"txt\"><p>Trening przeprowadzi\u0142a Fundacja Obrony Praw Cz\u0142owieka i Obywatela z Elbl\u0105ga. Szkolenie teoretyczne i praktyczne pozwoli\u0142o funkcjonariuszom udoskonali\u0107 posiadan\u0105 ju\u017c wiedz\u0119 z udzielania pierwszej pomocy. G\u0142\u00f3wnym jego elementem by\u0142y zasady post\u0119powania podczas tamowania krwotok\u00f3w masywnych. Uczestnicy mogli w warunkach zbli\u017conych do realnych podj\u0105\u0107 praktyczne dzia\u0142ania i zapozna\u0107 si\u0119 z obecnie stosowanymi \u015brodkami wykorzystywanymi w medycynie pola walki.\u00a0<\/p><\/article><p><a href=\"https:\/\/teleexpress.tvp.pl\/68584406\/cwiczenia-morskiego-oddzialu-strazy-granicznej?fbclid=IwAR1wOVNGyFLlfvjL5Obhz89fQ7sFR6V9OIW2a3BJUa6nu796CQiqXwaKEWI\">Zobacz materia\u0142 teleexpress<\/a><\/p>\t\t\t\t\t\t<\/div>\n\t\t\t\t<\/div>\n\t\t\t\t<div class=\"elementor-element elementor-element-0e27495 elementor-widget elementor-widget-image\" data-id=\"0e27495\" data-element_type=\"widget\" data-widget_type=\"image.default\">\n\t\t\t\t<div class=\"elementor-widget-container\">\n\t\t\t<style>\/*! elementor - v3.21.0 - 15-04-2024 *\/\n.elementor-widget-image{text-align:center}.elementor-widget-image a{display:inline-block}.elementor-widget-image a img[src$=\".svg\"]{width:48px}.elementor-widget-image img{vertical-align:middle;display:inline-block}<\/style>\t\t\t\t\t\t\t\t\t\t<img fetchpriority=\"high\" decoding=\"async\" width=\"800\" height=\"570\" src=\"https:\/\/www.fopcio.pl\/wp-content\/uploads\/2023\/03\/3-230832-1024x729.jpg\" class=\"attachment-large size-large wp-image-1342\" alt=\"\" srcset=\"https:\/\/www.fopcio.pl\/wp-content\/uploads\/2023\/03\/3-230832-1024x729.jpg 1024w, https:\/\/www.fopcio.pl\/wp-content\/uploads\/2023\/03\/3-230832-300x214.jpg 300w, https:\/\/www.fopcio.pl\/wp-content\/uploads\/2023\/03\/3-230832-768x547.jpg 768w, https:\/\/www.fopcio.pl\/wp-content\/uploads\/2023\/03\/3-230832.jpg 1300w\" sizes=\"(max-width: 800px) 100vw, 800px\" \/>\t\t\t\t\t\t\t\t\t\t\t\t\t<\/div>\n\t\t\t\t<\/div>\n\t\t\t\t<div class=\"elementor-element elementor-element-08cea74 elementor-widget elementor-widget-image\" data-id=\"08cea74\" data-element_type=\"widget\" data-widget_type=\"image.default\">\n\t\t\t\t<div class=\"elementor-widget-container\">\n\t\t\t\t\t\t\t\t\t\t\t\t\t<img decoding=\"async\" width=\"800\" height=\"535\" src=\"https:\/\/www.fopcio.pl\/wp-content\/uploads\/2023\/03\/3-230831-1024x685.jpg\" class=\"attachment-large size-large wp-image-1343\" alt=\"\" srcset=\"https:\/\/www.fopcio.pl\/wp-content\/uploads\/2023\/03\/3-230831-1024x685.jpg 1024w, https:\/\/www.fopcio.pl\/wp-content\/uploads\/2023\/03\/3-230831-300x201.jpg 300w, https:\/\/www.fopcio.pl\/wp-content\/uploads\/2023\/03\/3-230831-768x514.jpg 768w, https:\/\/www.fopcio.pl\/wp-content\/uploads\/2023\/03\/3-230831-1536x1028.jpg 1536w, https:\/\/www.fopcio.pl\/wp-content\/uploads\/2023\/03\/3-230831-2048x1371.jpg 2048w\" sizes=\"(max-width: 800px) 100vw, 800px\" \/>\t\t\t\t\t\t\t\t\t\t\t\t\t<\/div>\n\t\t\t\t<\/div>\n\t\t\t\t<div class=\"elementor-element elementor-element-6429e3d elementor-widget elementor-widget-image\" data-id=\"6429e3d\" data-element_type=\"widget\" data-widget_type=\"image.default\">\n\t\t\t\t<div class=\"elementor-widget-container\">\n\t\t\t\t\t\t\t\t\t\t\t\t\t<img decoding=\"async\" width=\"800\" height=\"501\" src=\"https:\/\/www.fopcio.pl\/wp-content\/uploads\/2023\/03\/3-230830-1024x641.jpg\" class=\"attachment-large size-large wp-image-1344\" alt=\"\" srcset=\"https:\/\/www.fopcio.pl\/wp-content\/uploads\/2023\/03\/3-230830-1024x641.jpg 1024w, https:\/\/www.fopcio.pl\/wp-content\/uploads\/2023\/03\/3-230830-300x188.jpg 300w, https:\/\/www.fopcio.pl\/wp-content\/uploads\/2023\/03\/3-230830-768x481.jpg 768w, https:\/\/www.fopcio.pl\/wp-content\/uploads\/2023\/03\/3-230830.jpg 1300w\" sizes=\"(max-width: 800px) 100vw, 800px\" \/>\t\t\t\t\t\t\t\t\t\t\t\t\t<\/div>\n\t\t\t\t<\/div>\n\t\t\t\t<div class=\"elementor-element elementor-element-ca8304b elementor-widget elementor-widget-image\" data-id=\"ca8304b\" data-element_type=\"widget\" data-widget_type=\"image.default\">\n\t\t\t\t<div class=\"elementor-widget-container\">\n\t\t\t\t\t\t\t\t\t\t\t\t\t<img loading=\"lazy\" decoding=\"async\" width=\"800\" height=\"517\" src=\"https:\/\/www.fopcio.pl\/wp-content\/uploads\/2023\/03\/3-230829-1024x662.jpg\" class=\"attachment-large size-large wp-image-1345\" alt=\"\" srcset=\"https:\/\/www.fopcio.pl\/wp-content\/uploads\/2023\/03\/3-230829-1024x662.jpg 1024w, https:\/\/www.fopcio.pl\/wp-content\/uploads\/2023\/03\/3-230829-300x194.jpg 300w, https:\/\/www.fopcio.pl\/wp-content\/uploads\/2023\/03\/3-230829-768x496.jpg 768w, https:\/\/www.fopcio.pl\/wp-content\/uploads\/2023\/03\/3-230829.jpg 1300w\" sizes=\"(max-width: 800px) 100vw, 800px\" \/>\t\t\t\t\t\t\t\t\t\t\t\t\t<\/div>\n\t\t\t\t<\/div>\n\t\t\t\t<div class=\"elementor-element elementor-element-a499c85 elementor-widget elementor-widget-image\" data-id=\"a499c85\" data-element_type=\"widget\" data-widget_type=\"image.default\">\n\t\t\t\t<div class=\"elementor-widget-container\">\n\t\t\t\t\t\t\t\t\t\t\t\t\t<img loading=\"lazy\" decoding=\"async\" width=\"800\" height=\"471\" src=\"https:\/\/www.fopcio.pl\/wp-content\/uploads\/2023\/03\/3-230828-1024x603.jpg\" class=\"attachment-large size-large wp-image-1346\" alt=\"\" srcset=\"https:\/\/www.fopcio.pl\/wp-content\/uploads\/2023\/03\/3-230828-1024x603.jpg 1024w, https:\/\/www.fopcio.pl\/wp-content\/uploads\/2023\/03\/3-230828-300x177.jpg 300w, https:\/\/www.fopcio.pl\/wp-content\/uploads\/2023\/03\/3-230828-768x452.jpg 768w, https:\/\/www.fopcio.pl\/wp-content\/uploads\/2023\/03\/3-230828.jpg 1300w\" sizes=\"(max-width: 800px) 100vw, 800px\" \/>\t\t\t\t\t\t\t\t\t\t\t\t\t<\/div>\n\t\t\t\t<\/div>\n\t\t\t\t\t<\/div>\n\t\t<\/div>\n\t\t\t\t\t<\/div>\n\t\t<\/section>\n\t\t\t\t<\/div>\n\t\t","protected":false},"excerpt":{"rendered":"<p>W Morskim Oddziale Stra\u017cy Granicznej 16 marca odby\u0142o si\u0119 szkolenie z udzielania pierwszej pomocy przedmedycznej. Uczestniczy\u0142o w nim \u0142\u0105cznie przesz\u0142o 40 os\u00f3b, funkcjonariuszy Stra\u017cy Granicznej i Stra\u017cy Le\u015bnej. Trening przeprowadzi\u0142a Fundacja Obrony Praw Cz\u0142owieka i Obywatela z Elbl\u0105ga. Szkolenie teoretyczne i praktyczne pozwoli\u0142o funkcjonariuszom udoskonali\u0107 posiadan\u0105 ju\u017c wiedz\u0119 z udzielania pierwszej pomocy. G\u0142\u00f3wnym jego elementem [&hellip;]<\/p>\n","protected":false},"author":2,"featured_media":0,"parent":0,"menu_order":0,"comment_status":"closed","ping_status":"closed","template":"","meta":{"footnotes":""},"class_list":["post-1339","page","type-page","status-publish","hentry"],"_links":{"self":[{"href":"https:\/\/www.fopcio.pl\/index.php?rest_route=\/wp\/v2\/pages\/1339","targetHints":{"allow":["GET"]}}],"collection":[{"href":"https:\/\/www.fopcio.pl\/index.php?rest_route=\/wp\/v2\/pages"}],"about":[{"href":"https:\/\/www.fopcio.pl\/index.php?rest_route=\/wp\/v2\/types\/page"}],"author":[{"embeddable":true,"href":"https:\/\/www.fopcio.pl\/index.php?rest_route=\/wp\/v2\/users\/2"}],"replies":[{"embeddable":true,"href":"https:\/\/www.fopcio.pl\/index.php?rest_route=%2Fwp%2Fv2%2Fcomments&post=1339"}],"version-history":[{"count":7,"href":"https:\/\/www.fopcio.pl\/index.php?rest_route=\/wp\/v2\/pages\/1339\/revisions"}],"predecessor-version":[{"id":1356,"href":"https:\/\/www.fopcio.pl\/index.php?rest_route=\/wp\/v2\/pages\/1339\/revisions\/1356"}],"wp:attachment":[{"href":"https:\/\/www.fopcio.pl\/index.php?rest_route=%2Fwp%2Fv2%2Fmedia&parent=1339"}],"curies":[{"name":"wp","href":"https:\/\/api.w.org\/{rel}","templated":true}]}}